{"id":3429,"date":"2023-10-10T13:43:22","date_gmt":"2023-10-10T13:43:22","guid":{"rendered":"https:\/\/artisanal.lu\/?page_id=3429"},"modified":"2023-10-23T08:21:24","modified_gmt":"2023-10-23T08:21:24","slug":"kontakt","status":"publish","type":"page","link":"https:\/\/artisanal.lu\/?page_id=3429&lang=lu","title":{"rendered":"Kontakt"},"content":{"rendered":"\t\t<div data-elementor-type=\"wp-page\" data-elementor-id=\"3429\" class=\"elementor elementor-3429\">\n\t\t\t\t\t\t<section class=\"elementor-section elementor-top-section elementor-element elementor-element-8542a57 elementor-section-full_width elementor-section-height-default elementor-section-height-default\" data-id=\"8542a57\" data-element_type=\"section\">\n\t\t\t\t\t\t<div class=\"elementor-container elementor-column-gap-no\">\n\t\t\t\t\t<div class=\"elementor-column elementor-col-100 elementor-top-column elementor-element elementor-element-4ac7d42\" data-id=\"4ac7d42\" data-element_type=\"column\">\n\t\t\t<div class=\"elementor-widget-wrap elementor-element-populated\">\n\t\t\t\t\t\t<div class=\"elementor-element elementor-element-e16efcb animated-slow elementor-invisible elementor-widget elementor-widget-google_maps\" data-id=\"e16efcb\" data-element_type=\"widget\" data-settings=\"{&quot;_animation&quot;:&quot;fadeInLeft&quot;}\" data-widget_type=\"google_maps.default\">\n\t\t\t\t<div class=\"elementor-widget-container\">\n\t\t\t\t\t\t\t<div class=\"elementor-custom-embed\">\n\t\t\t<iframe loading=\"lazy\"\n\t\t\t\t\tsrc=\"https:\/\/maps.google.com\/maps?q=F%C3%A9d%C3%A9ration%20des%20Artisans%202%2C%20Circuit%20de%20la%20Foire%20Internationale%20L-1347%20Luxembourg&#038;t=m&#038;z=12&#038;output=embed&#038;iwloc=near\"\n\t\t\t\t\ttitle=\"F\u00e9d\u00e9ration des Artisans 2, Circuit de la Foire Internationale L-1347 Luxembourg\"\n\t\t\t\t\taria-label=\"F\u00e9d\u00e9ration des Artisans 2, Circuit de la Foire Internationale L-1347 Luxembourg\"\n\t\t\t><\/iframe>\n\t\t<\/div>\n\t\t\t\t\t\t<\/div>\n\t\t\t\t<\/div>\n\t\t\t\t\t<\/div>\n\t\t<\/div>\n\t\t\t\t\t<\/div>\n\t\t<\/section>\n\t\t\t\t<section class=\"elementor-section elementor-top-section elementor-element elementor-element-2c03512 elementor-section-boxed elementor-section-height-default elementor-section-height-default\" data-id=\"2c03512\" data-element_type=\"section\">\n\t\t\t\t\t\t<div class=\"elementor-container elementor-column-gap-default\">\n\t\t\t\t\t<div class=\"elementor-column elementor-col-100 elementor-top-column elementor-element elementor-element-173a0ee\" data-id=\"173a0ee\" data-element_type=\"column\">\n\t\t\t<div class=\"elementor-widget-wrap elementor-element-populated\">\n\t\t\t\t\t\t<div class=\"elementor-element elementor-element-097a699 elementor-widget elementor-widget-text-editor\" data-id=\"097a699\" data-element_type=\"widget\" data-widget_type=\"text-editor.default\">\n\t\t\t\t<div class=\"elementor-widget-container\">\n\t\t\t\t\t\t\t\t\t<h3 style=\"text-align: left;\"><strong>F\u00e9d\u00e9ration des Artisans<\/strong><\/h3><p style=\"text-align: left;\">2, Circuit de la Foire Internationale<br \/>L-1347 Luxembourg<br \/><a href=\"tel:003524245111\">+352 42 45 11 1<\/a><\/p><p style=\"text-align: left;\"><a href=\"mailto:info@fda.lu\">info@fda.lu<\/a><br \/><a href=\"https:\/\/www.fda.lu\" target=\"_blank\" rel=\"noopener\">https:\/\/www.fda.lu<\/a><\/p>\t\t\t\t\t\t\t\t<\/div>\n\t\t\t\t<\/div>\n\t\t\t\t\t<\/div>\n\t\t<\/div>\n\t\t\t\t\t<\/div>\n\t\t<\/section>\n\t\t\t\t<\/div>\n\t\t","protected":false},"excerpt":{"rendered":"<p>F\u00e9d\u00e9ration des Artisans 2, Circuit de la Foire Internationale L-1347 Luxembourg +352 42 45 11 1 info@fda.lu https:\/\/www.fda.lu<\/p>\n","protected":false},"author":2,"featured_media":0,"parent":0,"menu_order":0,"comment_status":"closed","ping_status":"closed","template":"","meta":{"mbm-layout":"1c","masonry_gallery_enable_secondary_view":true,"masonry_gallery_secondary_view":"slider","masonry_gallery_default_view":"slider","footnotes":""},"class_list":["entry","entry--3429","entry--type-page","entry--status-publish","entry--author-nils"],"yoast_head":"<!-- This site is optimized with the Yoast SEO plugin v27.3 - https:\/\/yoast.com\/product\/yoast-seo-wordpress\/ -->\n<title>Kontakt - Artisanal.lu Liewensm\u00ebttelhandwierk ASBL<\/title>\n<meta name=\"robots\" content=\"noindex, follow, max-snippet:-1, max-image-preview:large, max-video-preview:-1\" \/>\n<meta property=\"og:locale\" content=\"en_US\" \/>\n<meta property=\"og:type\" content=\"article\" \/>\n<meta property=\"og:title\" content=\"Kontakt - Artisanal.lu Liewensm\u00ebttelhandwierk ASBL\" \/>\n<meta property=\"og:description\" content=\"F\u00e9d\u00e9ration des Artisans 2, Circuit de la Foire Internationale L-1347 Luxembourg +352 42 45 11 1 info@fda.lu https:\/\/www.fda.lu\" \/>\n<meta property=\"og:url\" content=\"https:\/\/artisanal.lu\/?page_id=3429&amp;lang=lu\" \/>\n<meta property=\"og:site_name\" content=\"Artisanal.lu\" \/>\n<meta property=\"article:modified_time\" content=\"2023-10-23T08:21:24+00:00\" \/>\n<meta name=\"twitter:card\" content=\"summary_large_image\" \/>\n<meta name=\"twitter:label1\" content=\"Est. reading time\" \/>\n\t<meta name=\"twitter:data1\" content=\"1 minute\" \/>\n<script type=\"application\/ld+json\" class=\"yoast-schema-graph\">{\"@context\":\"https:\\\/\\\/schema.org\",\"@graph\":[{\"@type\":\"WebPage\",\"@id\":\"https:\\\/\\\/artisanal.lu\\\/?page_id=3429&lang=lu\",\"url\":\"https:\\\/\\\/artisanal.lu\\\/?page_id=3429&lang=lu\",\"name\":\"Kontakt - Artisanal.lu Liewensm\u00ebttelhandwierk ASBL\",\"isPartOf\":{\"@id\":\"https:\\\/\\\/artisanal.lu\\\/#website\"},\"datePublished\":\"2023-10-10T13:43:22+00:00\",\"dateModified\":\"2023-10-23T08:21:24+00:00\",\"breadcrumb\":{\"@id\":\"https:\\\/\\\/artisanal.lu\\\/?page_id=3429&lang=lu#breadcrumb\"},\"inLanguage\":\"en-US\",\"potentialAction\":[{\"@type\":\"ReadAction\",\"target\":[\"https:\\\/\\\/artisanal.lu\\\/?page_id=3429&lang=lu\"]}]},{\"@type\":\"BreadcrumbList\",\"@id\":\"https:\\\/\\\/artisanal.lu\\\/?page_id=3429&lang=lu#breadcrumb\",\"itemListElement\":[{\"@type\":\"ListItem\",\"position\":1,\"name\":\"Home\",\"item\":\"https:\\\/\\\/artisanal.lu\\\/\"},{\"@type\":\"ListItem\",\"position\":2,\"name\":\"Kontakt\"}]},{\"@type\":\"WebSite\",\"@id\":\"https:\\\/\\\/artisanal.lu\\\/#website\",\"url\":\"https:\\\/\\\/artisanal.lu\\\/\",\"name\":\"Artisanal.lu\",\"description\":\"Liewensm\u00ebttelhandwierk\",\"potentialAction\":[{\"@type\":\"SearchAction\",\"target\":{\"@type\":\"EntryPoint\",\"urlTemplate\":\"https:\\\/\\\/artisanal.lu\\\/?s={search_term_string}\"},\"query-input\":{\"@type\":\"PropertyValueSpecification\",\"valueRequired\":true,\"valueName\":\"search_term_string\"}}],\"inLanguage\":\"en-US\"}]}<\/script>\n<!-- \/ Yoast SEO plugin. -->","yoast_head_json":{"title":"Kontakt - Artisanal.lu Liewensm\u00ebttelhandwierk ASBL","robots":{"index":"noindex","follow":"follow","max-snippet":"max-snippet:-1","max-image-preview":"max-image-preview:large","max-video-preview":"max-video-preview:-1"},"og_locale":"en_US","og_type":"article","og_title":"Kontakt - Artisanal.lu Liewensm\u00ebttelhandwierk ASBL","og_description":"F\u00e9d\u00e9ration des Artisans 2, Circuit de la Foire Internationale L-1347 Luxembourg +352 42 45 11 1 info@fda.lu https:\/\/www.fda.lu","og_url":"https:\/\/artisanal.lu\/?page_id=3429&lang=lu","og_site_name":"Artisanal.lu","article_modified_time":"2023-10-23T08:21:24+00:00","twitter_card":"summary_large_image","twitter_misc":{"Est. reading time":"1 minute"},"schema":{"@context":"https:\/\/schema.org","@graph":[{"@type":"WebPage","@id":"https:\/\/artisanal.lu\/?page_id=3429&lang=lu","url":"https:\/\/artisanal.lu\/?page_id=3429&lang=lu","name":"Kontakt - Artisanal.lu Liewensm\u00ebttelhandwierk ASBL","isPartOf":{"@id":"https:\/\/artisanal.lu\/#website"},"datePublished":"2023-10-10T13:43:22+00:00","dateModified":"2023-10-23T08:21:24+00:00","breadcrumb":{"@id":"https:\/\/artisanal.lu\/?page_id=3429&lang=lu#breadcrumb"},"inLanguage":"en-US","potentialAction":[{"@type":"ReadAction","target":["https:\/\/artisanal.lu\/?page_id=3429&lang=lu"]}]},{"@type":"BreadcrumbList","@id":"https:\/\/artisanal.lu\/?page_id=3429&lang=lu#breadcrumb","itemListElement":[{"@type":"ListItem","position":1,"name":"Home","item":"https:\/\/artisanal.lu\/"},{"@type":"ListItem","position":2,"name":"Kontakt"}]},{"@type":"WebSite","@id":"https:\/\/artisanal.lu\/#website","url":"https:\/\/artisanal.lu\/","name":"Artisanal.lu","description":"Liewensm\u00ebttelhandwierk","potentialAction":[{"@type":"SearchAction","target":{"@type":"EntryPoint","urlTemplate":"https:\/\/artisanal.lu\/?s={search_term_string}"},"query-input":{"@type":"PropertyValueSpecification","valueRequired":true,"valueName":"search_term_string"}}],"inLanguage":"en-US"}]}},"_links":{"self":[{"href":"https:\/\/artisanal.lu\/index.php?rest_route=\/wp\/v2\/pages\/3429","targetHints":{"allow":["GET"]}}],"collection":[{"href":"https:\/\/artisanal.lu\/index.php?rest_route=\/wp\/v2\/pages"}],"about":[{"href":"https:\/\/artisanal.lu\/index.php?rest_route=\/wp\/v2\/types\/page"}],"author":[{"embeddable":true,"href":"https:\/\/artisanal.lu\/index.php?rest_route=\/wp\/v2\/users\/2"}],"replies":[{"embeddable":true,"href":"https:\/\/artisanal.lu\/index.php?rest_route=%2Fwp%2Fv2%2Fcomments&post=3429"}],"version-history":[{"count":5,"href":"https:\/\/artisanal.lu\/index.php?rest_route=\/wp\/v2\/pages\/3429\/revisions"}],"predecessor-version":[{"id":3542,"href":"https:\/\/artisanal.lu\/index.php?rest_route=\/wp\/v2\/pages\/3429\/revisions\/3542"}],"wp:attachment":[{"href":"https:\/\/artisanal.lu\/index.php?rest_route=%2Fwp%2Fv2%2Fmedia&parent=3429"}],"curies":[{"name":"wp","href":"https:\/\/api.w.org\/{rel}","templated":true}]}}