{"id":3454,"date":"2023-10-19T11:04:45","date_gmt":"2023-10-19T11:04:45","guid":{"rendered":"https:\/\/artisanal.lu\/?page_id=3454"},"modified":"2025-05-21T10:34:21","modified_gmt":"2025-05-21T10:34:21","slug":"notre-comite","status":"publish","type":"page","link":"https:\/\/artisanal.lu\/?page_id=3454","title":{"rendered":"Comit\u00e9"},"content":{"rendered":"\t\t<div data-elementor-type=\"wp-page\" data-elementor-id=\"3454\" class=\"elementor elementor-3454\">\n\t\t\t\t\t\t<section class=\"elementor-section elementor-top-section elementor-element elementor-element-7a4f45f elementor-section-boxed elementor-section-height-default elementor-section-height-default\" data-id=\"7a4f45f\" data-element_type=\"section\">\n\t\t\t\t\t\t<div class=\"elementor-container elementor-column-gap-default\">\n\t\t\t\t\t<div class=\"elementor-column elementor-col-100 elementor-top-column elementor-element elementor-element-344ca22\" data-id=\"344ca22\" data-element_type=\"column\">\n\t\t\t<div class=\"elementor-widget-wrap elementor-element-populated\">\n\t\t\t\t\t\t<div class=\"elementor-element elementor-element-32c69d5 elementor-widget elementor-widget-heading\" data-id=\"32c69d5\" data-element_type=\"widget\" data-widget_type=\"heading.default\">\n\t\t\t\t<div class=\"elementor-widget-container\">\n\t\t\t\t\t<h2 class=\"elementor-heading-title elementor-size-default\">Notre Comit\u00e9<\/h2>\t\t\t\t<\/div>\n\t\t\t\t<\/div>\n\t\t\t\t\t<\/div>\n\t\t<\/div>\n\t\t\t\t\t<\/div>\n\t\t<\/section>\n\t\t\t\t<section class=\"elementor-section elementor-top-section elementor-element elementor-element-e02e85c elementor-section-boxed elementor-section-height-default elementor-section-height-default\" data-id=\"e02e85c\" data-element_type=\"section\">\n\t\t\t\t\t\t<div class=\"elementor-container elementor-column-gap-default\">\n\t\t\t\t\t<div class=\"elementor-column elementor-col-100 elementor-top-column elementor-element elementor-element-8b9ac6a\" data-id=\"8b9ac6a\" data-element_type=\"column\">\n\t\t\t<div class=\"elementor-widget-wrap elementor-element-populated\">\n\t\t\t\t\t\t<div class=\"elementor-element elementor-element-5f396d0 elementor-widget elementor-widget-text-editor\" data-id=\"5f396d0\" data-element_type=\"widget\" data-widget_type=\"text-editor.default\">\n\t\t\t\t<div class=\"elementor-widget-container\">\n\t\t\t\t\t\t\t\t\t<p><span style=\"caret-color: #000000; font-family: Calibri, sans-serif; font-size: 14.6667px;\">Le comit\u00e9 de la Conf\u00e9d\u00e9ration Liewensm\u00ebttelhandwierk joue un r\u00f4le essentiel dans la repr\u00e9sentation des artisans de l&#8217;alimentation au Luxembourg. Compos\u00e9 de membres d\u00e9vou\u00e9s et engag\u00e9s, il joue un r\u00f4le crucial dans l&#8217;organisation d&#8217;\u00e9v\u00e9nements et la repr\u00e9sentation de tous les membres de la Conf\u00e9d\u00e9ration.<\/span><\/p><p><span style=\"caret-color: #000000; font-family: Calibri, sans-serif; font-size: 14.6667px;\">Tout au long de l&#8217;ann\u00e9e, le Comit\u00e9 met en place diff\u00e9rents \u00e9v\u00e9nements visant \u00e0 promouvoir l&#8217;artisanat alimentaire et \u00e0 valoriser le savoir-faire de nos membres.<\/span><br style=\"caret-color: #000000; font-family: Calibri, sans-serif; font-size: 14.6667px;\" \/><span style=\"caret-color: #000000; font-family: Calibri, sans-serif; font-size: 14.6667px;\">Le Comit\u00e9 est \u00e9galement charg\u00e9 de repr\u00e9senter les int\u00e9r\u00eats de nos adh\u00e9rents aupr\u00e8s des instances gouvernementales et des organismes de r\u00e9glementation. Il participe activement aux n\u00e9gociations et aux d\u00e9bats sur les nouvelles lois et r\u00e9glementations impactant notre secteur. Gr\u00e2ce \u00e0 son expertise et \u00e0 sa connaissance approfondie des r\u00e9alit\u00e9s de l&#8217;artisanat alimentaire, le Comit\u00e9 est un interlocuteur privil\u00e9gi\u00e9 des d\u00e9cideurs politiques. Il vise \u00e0 promouvoir l&#8217;expertise et les int\u00e9r\u00eats de ce secteur vital de l&#8217;\u00e9conomie, en cr\u00e9ant un forum d&#8217;\u00e9change et de coop\u00e9ration entre les diff\u00e9rents acteurs de l&#8217;artisanat alimentaire.<\/span><\/p>\t\t\t\t\t\t\t\t<\/div>\n\t\t\t\t<\/div>\n\t\t\t\t<div class=\"elementor-element elementor-element-f6ace86 elementor-widget-divider--view-line elementor-widget elementor-widget-divider\" data-id=\"f6ace86\" data-element_type=\"widget\" data-widget_type=\"divider.default\">\n\t\t\t\t<div class=\"elementor-widget-container\">\n\t\t\t\t\t\t\t<div class=\"elementor-divider\">\n\t\t\t<span class=\"elementor-divider-separator\">\n\t\t\t\t\t\t<\/span>\n\t\t<\/div>\n\t\t\t\t\t\t<\/div>\n\t\t\t\t<\/div>\n\t\t\t\t\t<\/div>\n\t\t<\/div>\n\t\t\t\t\t<\/div>\n\t\t<\/section>\n\t\t\t\t<section class=\"elementor-section elementor-top-section elementor-element elementor-element-c56ff4b elementor-section-boxed elementor-section-height-default elementor-section-height-default\" data-id=\"c56ff4b\" data-element_type=\"section\">\n\t\t\t\t\t\t<div class=\"elementor-container elementor-column-gap-default\">\n\t\t\t\t\t<div class=\"elementor-column elementor-col-25 elementor-top-column elementor-element elementor-element-3fe132a\" data-id=\"3fe132a\" data-element_type=\"column\">\n\t\t\t<div class=\"elementor-widget-wrap elementor-element-populated\">\n\t\t\t\t\t\t<div class=\"elementor-element elementor-element-9be4b1f elementor-widget elementor-widget-text-editor\" data-id=\"9be4b1f\" data-element_type=\"widget\" data-widget_type=\"text-editor.default\">\n\t\t\t\t<div class=\"elementor-widget-container\">\n\t\t\t\t\t\t\t\t\t<h4>Anne KAIFFER<\/h4><p><a href=\"https:\/\/www.kaiffer-sarl.lu\/\" target=\"_blank\" rel=\"noopener\"><em>Boucherie Kaiffer<br \/><\/em><\/a><strong>Pr\u00e9sidente<\/strong><\/p>\t\t\t\t\t\t\t\t<\/div>\n\t\t\t\t<\/div>\n\t\t\t\t\t<\/div>\n\t\t<\/div>\n\t\t\t\t<div class=\"elementor-column elementor-col-25 elementor-top-column elementor-element elementor-element-645b36a\" data-id=\"645b36a\" data-element_type=\"column\">\n\t\t\t<div class=\"elementor-widget-wrap elementor-element-populated\">\n\t\t\t\t\t\t<div class=\"elementor-element elementor-element-b697ce7 elementor-widget elementor-widget-text-editor\" data-id=\"b697ce7\" data-element_type=\"widget\" data-widget_type=\"text-editor.default\">\n\t\t\t\t<div class=\"elementor-widget-container\">\n\t\t\t\t\t\t\t\t\t<h4>Patrick MULLER<\/h4><p><a href=\"https:\/\/www.panelux.com\/\" target=\"_blank\" rel=\"noopener\"><em>Panelux S.A.<\/em><\/a><br \/><strong>Vice-Pr\u00e9sident<\/strong><\/p>\t\t\t\t\t\t\t\t<\/div>\n\t\t\t\t<\/div>\n\t\t\t\t\t<\/div>\n\t\t<\/div>\n\t\t\t\t<div class=\"elementor-column elementor-col-25 elementor-top-column elementor-element elementor-element-581ed2f\" data-id=\"581ed2f\" data-element_type=\"column\">\n\t\t\t<div class=\"elementor-widget-wrap elementor-element-populated\">\n\t\t\t\t\t\t<div class=\"elementor-element elementor-element-dcabd23 elementor-widget elementor-widget-text-editor\" data-id=\"dcabd23\" data-element_type=\"widget\" data-widget_type=\"text-editor.default\">\n\t\t\t\t<div class=\"elementor-widget-container\">\n\t\t\t\t\t\t\t\t\t<h4>Christian KAEMPFF<\/h4><p><a href=\"https:\/\/kaempff-kohler.lu\/\" target=\"_blank\" rel=\"noopener\"><em>Kaempff-Kohler<br \/><\/em><\/a><strong>Vice-Pr\u00e9sident<\/strong><\/p>\t\t\t\t\t\t\t\t<\/div>\n\t\t\t\t<\/div>\n\t\t\t\t\t<\/div>\n\t\t<\/div>\n\t\t\t\t<div class=\"elementor-column elementor-col-25 elementor-top-column elementor-element elementor-element-9936d06\" data-id=\"9936d06\" data-element_type=\"column\">\n\t\t\t<div class=\"elementor-widget-wrap elementor-element-populated\">\n\t\t\t\t\t\t<div class=\"elementor-element elementor-element-431df18 elementor-widget elementor-widget-text-editor\" data-id=\"431df18\" data-element_type=\"widget\" data-widget_type=\"text-editor.default\">\n\t\t\t\t<div class=\"elementor-widget-container\">\n\t\t\t\t\t\t\t\t\t<h4>Nico M\u00dcLLER<\/h4><p><em> B\u00e4ckerei vum S\u00e9i S.a.r.l.<\/em><br \/><strong>Tr\u00e9sorier<\/strong><\/p>\t\t\t\t\t\t\t\t<\/div>\n\t\t\t\t<\/div>\n\t\t\t\t\t<\/div>\n\t\t<\/div>\n\t\t\t\t\t<\/div>\n\t\t<\/section>\n\t\t\t\t<section class=\"elementor-section elementor-top-section elementor-element elementor-element-704c9ff elementor-section-boxed elementor-section-height-default elementor-section-height-default\" data-id=\"704c9ff\" data-element_type=\"section\">\n\t\t\t\t\t\t<div class=\"elementor-container elementor-column-gap-default\">\n\t\t\t\t\t<div class=\"elementor-column elementor-col-25 elementor-top-column elementor-element elementor-element-229d230\" data-id=\"229d230\" data-element_type=\"column\">\n\t\t\t<div class=\"elementor-widget-wrap elementor-element-populated\">\n\t\t\t\t\t\t<div class=\"elementor-element elementor-element-4e14a55 elementor-widget elementor-widget-text-editor\" data-id=\"4e14a55\" data-element_type=\"widget\" data-widget_type=\"text-editor.default\">\n\t\t\t\t<div class=\"elementor-widget-container\">\n\t\t\t\t\t\t\t\t\t<h4>Paul HAAG<\/h4><p><a href=\"https:\/\/www.haag.lu\/\" target=\"_blank\" rel=\"noopener\"><em>Boucherie-Charcuterie Haag<\/em> <\/a><br \/><strong>Membre du Comit\u00e9<\/strong><\/p>\t\t\t\t\t\t\t\t<\/div>\n\t\t\t\t<\/div>\n\t\t\t\t\t<\/div>\n\t\t<\/div>\n\t\t\t\t<div class=\"elementor-column elementor-col-25 elementor-top-column elementor-element elementor-element-c618984\" data-id=\"c618984\" data-element_type=\"column\">\n\t\t\t<div class=\"elementor-widget-wrap elementor-element-populated\">\n\t\t\t\t\t\t<div class=\"elementor-element elementor-element-c9ac36e elementor-widget elementor-widget-text-editor\" data-id=\"c9ac36e\" data-element_type=\"widget\" data-widget_type=\"text-editor.default\">\n\t\t\t\t<div class=\"elementor-widget-container\">\n\t\t\t\t\t\t\t\t\t<h4>Luc MEYER<\/h4><p><a href=\"https:\/\/meyer.lu\/\" target=\"_blank\" rel=\"noopener\"><em>Boucherie-Salaisons Meyer<\/em><\/a><br \/><strong>Membre du Comit\u00e9<\/strong><\/p>\t\t\t\t\t\t\t\t<\/div>\n\t\t\t\t<\/div>\n\t\t\t\t\t<\/div>\n\t\t<\/div>\n\t\t\t\t<div class=\"elementor-column elementor-col-25 elementor-top-column elementor-element elementor-element-56021a7\" data-id=\"56021a7\" data-element_type=\"column\">\n\t\t\t<div class=\"elementor-widget-wrap elementor-element-populated\">\n\t\t\t\t\t\t<div class=\"elementor-element elementor-element-5c47ba4 elementor-widget elementor-widget-text-editor\" data-id=\"5c47ba4\" data-element_type=\"widget\" data-widget_type=\"text-editor.default\">\n\t\t\t\t<div class=\"elementor-widget-container\">\n\t\t\t\t\t\t\t\t\t<h4>Lola VALERIUS<\/h4><p><a href=\"https:\/\/lolavalerius.com\/\" target=\"_blank\" rel=\"noopener\"><em>Chocolaterie Lola Valerius<\/em><\/a><br \/><strong>Membre du Comit\u00e9<\/strong><\/p>\t\t\t\t\t\t\t\t<\/div>\n\t\t\t\t<\/div>\n\t\t\t\t\t<\/div>\n\t\t<\/div>\n\t\t\t\t<div class=\"elementor-column elementor-col-25 elementor-top-column elementor-element elementor-element-a7b54b0\" data-id=\"a7b54b0\" data-element_type=\"column\">\n\t\t\t<div class=\"elementor-widget-wrap elementor-element-populated\">\n\t\t\t\t\t\t<div class=\"elementor-element elementor-element-ad6363b elementor-widget elementor-widget-text-editor\" data-id=\"ad6363b\" data-element_type=\"widget\" data-widget_type=\"text-editor.default\">\n\t\t\t\t<div class=\"elementor-widget-container\">\n\t\t\t\t\t\t\t\t\t<h4>Tom OBERWEIS<\/h4><p><a href=\"https:\/\/www.oberweis.lu\/\" target=\"_blank\" rel=\"noopener\"><em>Oberweis S.A.<\/em><\/a><br \/><strong>Membre du Comit\u00e9<\/strong><\/p>\t\t\t\t\t\t\t\t<\/div>\n\t\t\t\t<\/div>\n\t\t\t\t\t<\/div>\n\t\t<\/div>\n\t\t\t\t\t<\/div>\n\t\t<\/section>\n\t\t\t\t<section class=\"elementor-section elementor-top-section elementor-element elementor-element-2a61691 elementor-section-boxed elementor-section-height-default elementor-section-height-default\" data-id=\"2a61691\" data-element_type=\"section\">\n\t\t\t\t\t\t<div class=\"elementor-container elementor-column-gap-default\">\n\t\t\t\t\t<div class=\"elementor-column elementor-col-25 elementor-top-column elementor-element elementor-element-2bccd40\" data-id=\"2bccd40\" data-element_type=\"column\">\n\t\t\t<div class=\"elementor-widget-wrap elementor-element-populated\">\n\t\t\t\t\t\t<div class=\"elementor-element elementor-element-07c0fb1 elementor-widget elementor-widget-text-editor\" data-id=\"07c0fb1\" data-element_type=\"widget\" data-widget_type=\"text-editor.default\">\n\t\t\t\t<div class=\"elementor-widget-container\">\n\t\t\t\t\t\t\t\t\t<h4>Carole MULLER<\/h4><p><a href=\"https:\/\/fischer1913.com\/\" target=\"_blank\" rel=\"noopener\"><em>Fischer S.A.<\/em><\/a><br \/><strong>Membre coopt\u00e9<\/strong><\/p>\t\t\t\t\t\t\t\t<\/div>\n\t\t\t\t<\/div>\n\t\t\t\t\t<\/div>\n\t\t<\/div>\n\t\t\t\t<div class=\"elementor-column elementor-col-25 elementor-top-column elementor-element elementor-element-fa62bc1\" data-id=\"fa62bc1\" data-element_type=\"column\">\n\t\t\t<div class=\"elementor-widget-wrap elementor-element-populated\">\n\t\t\t\t\t\t<div class=\"elementor-element elementor-element-b974ce9 elementor-widget elementor-widget-text-editor\" data-id=\"b974ce9\" data-element_type=\"widget\" data-widget_type=\"text-editor.default\">\n\t\t\t\t<div class=\"elementor-widget-container\">\n\t\t\t\t\t\t\t\t\t<h4>Carlo BOCK<\/h4><p><strong>Membre coopt\u00e9<\/strong><\/p>\t\t\t\t\t\t\t\t<\/div>\n\t\t\t\t<\/div>\n\t\t\t\t\t<\/div>\n\t\t<\/div>\n\t\t\t\t<div class=\"elementor-column elementor-col-25 elementor-top-column elementor-element elementor-element-5a65610\" data-id=\"5a65610\" data-element_type=\"column\">\n\t\t\t<div class=\"elementor-widget-wrap\">\n\t\t\t\t\t\t\t<\/div>\n\t\t<\/div>\n\t\t\t\t<div class=\"elementor-column elementor-col-25 elementor-top-column elementor-element elementor-element-3bf4b7d\" data-id=\"3bf4b7d\" data-element_type=\"column\">\n\t\t\t<div class=\"elementor-widget-wrap\">\n\t\t\t\t\t\t\t<\/div>\n\t\t<\/div>\n\t\t\t\t\t<\/div>\n\t\t<\/section>\n\t\t\t\t<\/div>\n\t\t","protected":false},"excerpt":{"rendered":"<p>Notre Comit\u00e9 Le comit\u00e9 de la Conf\u00e9d\u00e9ration Liewensm\u00ebttelhandwierk joue un r\u00f4le essentiel dans la repr\u00e9sentation des artisans de l&#8217;alimentation au Luxembourg. Compos\u00e9 de membres d\u00e9vou\u00e9s et engag\u00e9s, il joue un &#8230; <\/p>\n<div> <span class=\"clearfix\"> <a href=\"https:\/\/artisanal.lu\/?page_id=3454\" class=\"more-link entry__more-link float-left\">Read More <span class=\"screen-reader-text sr-only\"> About: Comit\u00e9 <\/span><\/a><\/span> <\/div>\n","protected":false},"author":2,"featured_media":0,"parent":0,"menu_order":0,"comment_status":"closed","ping_status":"closed","template":"","meta":{"mbm-layout":"1c","masonry_gallery_enable_secondary_view":true,"masonry_gallery_secondary_view":"slider","masonry_gallery_default_view":"slider","footnotes":""},"class_list":["entry","entry--3454","entry--type-page","entry--status-publish","entry--author-nils"],"yoast_head":"<!-- This site is optimized with the Yoast SEO plugin v27.3 - https:\/\/yoast.com\/product\/yoast-seo-wordpress\/ -->\n<title>D\u00e9couvrez notre Comit\u00e9 - Liewensm\u00ebttel Handwierk<\/title>\n<meta name=\"description\" content=\"Le comit\u00e9 de la Liewensm\u00ebttelhandwierk ASBL joue un r\u00f4le essentiel dans la repr\u00e9sentation des artisans de l\u2019alimentation au Luxembourg.\" \/>\n<meta name=\"robots\" content=\"noindex, follow, max-snippet:-1, max-image-preview:large, max-video-preview:-1\" \/>\n<meta property=\"og:locale\" content=\"en_US\" \/>\n<meta property=\"og:type\" content=\"article\" \/>\n<meta property=\"og:title\" content=\"D\u00e9couvrez notre Comit\u00e9 - Liewensm\u00ebttel Handwierk\" \/>\n<meta property=\"og:description\" content=\"Le comit\u00e9 de la Liewensm\u00ebttelhandwierk ASBL joue un r\u00f4le essentiel dans la repr\u00e9sentation des artisans de l\u2019alimentation au Luxembourg.\" \/>\n<meta property=\"og:url\" content=\"https:\/\/artisanal.lu\/?page_id=3454\" \/>\n<meta property=\"og:site_name\" content=\"Artisanal.lu\" \/>\n<meta property=\"article:modified_time\" content=\"2025-05-21T10:34:21+00:00\" \/>\n<meta name=\"twitter:card\" content=\"summary_large_image\" \/>\n<meta name=\"twitter:label1\" content=\"Est. reading time\" \/>\n\t<meta name=\"twitter:data1\" content=\"1 minute\" \/>\n<script type=\"application\/ld+json\" class=\"yoast-schema-graph\">{\"@context\":\"https:\\\/\\\/schema.org\",\"@graph\":[{\"@type\":\"WebPage\",\"@id\":\"https:\\\/\\\/artisanal.lu\\\/?page_id=3454\",\"url\":\"https:\\\/\\\/artisanal.lu\\\/?page_id=3454\",\"name\":\"D\u00e9couvrez notre Comit\u00e9 - Liewensm\u00ebttel Handwierk\",\"isPartOf\":{\"@id\":\"https:\\\/\\\/artisanal.lu\\\/#website\"},\"datePublished\":\"2023-10-19T11:04:45+00:00\",\"dateModified\":\"2025-05-21T10:34:21+00:00\",\"description\":\"Le comit\u00e9 de la Liewensm\u00ebttelhandwierk ASBL joue un r\u00f4le essentiel dans la repr\u00e9sentation des artisans de l\u2019alimentation au Luxembourg.\",\"breadcrumb\":{\"@id\":\"https:\\\/\\\/artisanal.lu\\\/?page_id=3454#breadcrumb\"},\"inLanguage\":\"en-US\",\"potentialAction\":[{\"@type\":\"ReadAction\",\"target\":[\"https:\\\/\\\/artisanal.lu\\\/?page_id=3454\"]}]},{\"@type\":\"BreadcrumbList\",\"@id\":\"https:\\\/\\\/artisanal.lu\\\/?page_id=3454#breadcrumb\",\"itemListElement\":[{\"@type\":\"ListItem\",\"position\":1,\"name\":\"Home\",\"item\":\"https:\\\/\\\/artisanal.lu\\\/\"},{\"@type\":\"ListItem\",\"position\":2,\"name\":\"Comit\u00e9\"}]},{\"@type\":\"WebSite\",\"@id\":\"https:\\\/\\\/artisanal.lu\\\/#website\",\"url\":\"https:\\\/\\\/artisanal.lu\\\/\",\"name\":\"Artisanal.lu\",\"description\":\"Liewensm\u00ebttelhandwierk\",\"potentialAction\":[{\"@type\":\"SearchAction\",\"target\":{\"@type\":\"EntryPoint\",\"urlTemplate\":\"https:\\\/\\\/artisanal.lu\\\/?s={search_term_string}\"},\"query-input\":{\"@type\":\"PropertyValueSpecification\",\"valueRequired\":true,\"valueName\":\"search_term_string\"}}],\"inLanguage\":\"en-US\"}]}<\/script>\n<!-- \/ Yoast SEO plugin. -->","yoast_head_json":{"title":"D\u00e9couvrez notre Comit\u00e9 - Liewensm\u00ebttel Handwierk","description":"Le comit\u00e9 de la Liewensm\u00ebttelhandwierk ASBL joue un r\u00f4le essentiel dans la repr\u00e9sentation des artisans de l\u2019alimentation au Luxembourg.","robots":{"index":"noindex","follow":"follow","max-snippet":"max-snippet:-1","max-image-preview":"max-image-preview:large","max-video-preview":"max-video-preview:-1"},"og_locale":"en_US","og_type":"article","og_title":"D\u00e9couvrez notre Comit\u00e9 - Liewensm\u00ebttel Handwierk","og_description":"Le comit\u00e9 de la Liewensm\u00ebttelhandwierk ASBL joue un r\u00f4le essentiel dans la repr\u00e9sentation des artisans de l\u2019alimentation au Luxembourg.","og_url":"https:\/\/artisanal.lu\/?page_id=3454","og_site_name":"Artisanal.lu","article_modified_time":"2025-05-21T10:34:21+00:00","twitter_card":"summary_large_image","twitter_misc":{"Est. reading time":"1 minute"},"schema":{"@context":"https:\/\/schema.org","@graph":[{"@type":"WebPage","@id":"https:\/\/artisanal.lu\/?page_id=3454","url":"https:\/\/artisanal.lu\/?page_id=3454","name":"D\u00e9couvrez notre Comit\u00e9 - Liewensm\u00ebttel Handwierk","isPartOf":{"@id":"https:\/\/artisanal.lu\/#website"},"datePublished":"2023-10-19T11:04:45+00:00","dateModified":"2025-05-21T10:34:21+00:00","description":"Le comit\u00e9 de la Liewensm\u00ebttelhandwierk ASBL joue un r\u00f4le essentiel dans la repr\u00e9sentation des artisans de l\u2019alimentation au Luxembourg.","breadcrumb":{"@id":"https:\/\/artisanal.lu\/?page_id=3454#breadcrumb"},"inLanguage":"en-US","potentialAction":[{"@type":"ReadAction","target":["https:\/\/artisanal.lu\/?page_id=3454"]}]},{"@type":"BreadcrumbList","@id":"https:\/\/artisanal.lu\/?page_id=3454#breadcrumb","itemListElement":[{"@type":"ListItem","position":1,"name":"Home","item":"https:\/\/artisanal.lu\/"},{"@type":"ListItem","position":2,"name":"Comit\u00e9"}]},{"@type":"WebSite","@id":"https:\/\/artisanal.lu\/#website","url":"https:\/\/artisanal.lu\/","name":"Artisanal.lu","description":"Liewensm\u00ebttelhandwierk","potentialAction":[{"@type":"SearchAction","target":{"@type":"EntryPoint","urlTemplate":"https:\/\/artisanal.lu\/?s={search_term_string}"},"query-input":{"@type":"PropertyValueSpecification","valueRequired":true,"valueName":"search_term_string"}}],"inLanguage":"en-US"}]}},"_links":{"self":[{"href":"https:\/\/artisanal.lu\/index.php?rest_route=\/wp\/v2\/pages\/3454","targetHints":{"allow":["GET"]}}],"collection":[{"href":"https:\/\/artisanal.lu\/index.php?rest_route=\/wp\/v2\/pages"}],"about":[{"href":"https:\/\/artisanal.lu\/index.php?rest_route=\/wp\/v2\/types\/page"}],"author":[{"embeddable":true,"href":"https:\/\/artisanal.lu\/index.php?rest_route=\/wp\/v2\/users\/2"}],"replies":[{"embeddable":true,"href":"https:\/\/artisanal.lu\/index.php?rest_route=%2Fwp%2Fv2%2Fcomments&post=3454"}],"version-history":[{"count":62,"href":"https:\/\/artisanal.lu\/index.php?rest_route=\/wp\/v2\/pages\/3454\/revisions"}],"predecessor-version":[{"id":3716,"href":"https:\/\/artisanal.lu\/index.php?rest_route=\/wp\/v2\/pages\/3454\/revisions\/3716"}],"wp:attachment":[{"href":"https:\/\/artisanal.lu\/index.php?rest_route=%2Fwp%2Fv2%2Fmedia&parent=3454"}],"curies":[{"name":"wp","href":"https:\/\/api.w.org\/{rel}","templated":true}]}}