{"id":3508,"date":"2023-10-19T11:04:45","date_gmt":"2023-10-19T11:04:45","guid":{"rendered":"https:\/\/artisanal.lu\/?page_id=3508"},"modified":"2025-05-21T10:33:53","modified_gmt":"2025-05-21T10:33:53","slug":"eise-comite","status":"publish","type":"page","link":"https:\/\/artisanal.lu\/?page_id=3508&lang=lu","title":{"rendered":"Eise Comit\u00e9"},"content":{"rendered":"\t\t<div data-elementor-type=\"wp-page\" data-elementor-id=\"3508\" class=\"elementor elementor-3508\">\n\t\t\t\t\t\t<section class=\"elementor-section elementor-top-section elementor-element elementor-element-7a4f45f elementor-section-boxed elementor-section-height-default elementor-section-height-default\" data-id=\"7a4f45f\" data-element_type=\"section\">\n\t\t\t\t\t\t<div class=\"elementor-container elementor-column-gap-default\">\n\t\t\t\t\t<div class=\"elementor-column elementor-col-100 elementor-top-column elementor-element elementor-element-344ca22\" data-id=\"344ca22\" data-element_type=\"column\">\n\t\t\t<div class=\"elementor-widget-wrap elementor-element-populated\">\n\t\t\t\t\t\t<div class=\"elementor-element elementor-element-32c69d5 elementor-widget elementor-widget-heading\" data-id=\"32c69d5\" data-element_type=\"widget\" data-widget_type=\"heading.default\">\n\t\t\t\t<div class=\"elementor-widget-container\">\n\t\t\t\t\t<h2 class=\"elementor-heading-title elementor-size-default\">Eise Comit\u00e9<\/h2>\t\t\t\t<\/div>\n\t\t\t\t<\/div>\n\t\t\t\t\t<\/div>\n\t\t<\/div>\n\t\t\t\t\t<\/div>\n\t\t<\/section>\n\t\t\t\t<section class=\"elementor-section elementor-top-section elementor-element elementor-element-e02e85c elementor-section-boxed elementor-section-height-default elementor-section-height-default\" data-id=\"e02e85c\" data-element_type=\"section\">\n\t\t\t\t\t\t<div class=\"elementor-container elementor-column-gap-default\">\n\t\t\t\t\t<div class=\"elementor-column elementor-col-100 elementor-top-column elementor-element elementor-element-8b9ac6a\" data-id=\"8b9ac6a\" data-element_type=\"column\">\n\t\t\t<div class=\"elementor-widget-wrap elementor-element-populated\">\n\t\t\t\t\t\t<div class=\"elementor-element elementor-element-5f396d0 elementor-widget elementor-widget-text-editor\" data-id=\"5f396d0\" data-element_type=\"widget\" data-widget_type=\"text-editor.default\">\n\t\t\t\t<div class=\"elementor-widget-container\">\n\t\t\t\t\t\t\t\t\t<p style=\"margin: 0cm; font-size: 11pt; font-family: Calibri, sans-serif; caret-color: #000000;\">De Comit\u00e9 vun der Conf\u00e9d\u00e9ration Liewensm\u00ebttelhandwierk spillt eng wesentlech Roll bei der Representatioun vun de Liewensm\u00ebttelhandwierker zu L\u00ebtzebuerg.\u00a0<span lang=\"DE\">De Comit\u00e9 besteet aus engag\u00e9ierten Memberen an spillt eng entscheedend Roll bei der Organisatioun vun Eventer an der Representatioun vun all Member vun der Conf\u00e9d\u00e9ration.\u00a0<\/span><\/p><p style=\"margin: 0cm; font-size: 11pt; font-family: Calibri, sans-serif; caret-color: #000000;\"><span lang=\"DE\"><br \/>Am Laf vum Joer organis\u00e9iert de Comit\u00e9 verschidden Eventer, fir d\u2019Liewensm\u00ebttelhandwierk ze f\u00f6rderen an de Know-how vun eise Memberen ze weisen.<\/span><\/p><p style=\"margin: 0cm; font-size: 11pt; font-family: Calibri, sans-serif; caret-color: #000000;\"><span lang=\"DE\">De Comit\u00e9 ass och verantwortlech fir d&#8217;Interesse vun eise Memberen virun Regierungsautorit\u00e9iten a Regulatiounsorganer ze vertrieden. Hien bedeelegt sech aktiv un Verhandlungen an Debatten iwwer nei Gesetzer a Reglementer d\u00e9i eise Secteur beaflossen. Duerch seng Expertise an d\u00e9ifgr\u00e4ifend W\u00ebssen iwwer d&#8217;Realit\u00e9ite vun der Liewensm\u00ebttelindustrie ass de Comit\u00e9 e privileg\u00e9ierte Uspriechpartner fir politesch D\u00e9cideuren. De Comit\u00e9 soll d&#8217;Expertise an d&#8217;Interesse vun d\u00ebsem vitale Secteur vun der Wirtschaft f\u00f6rderen, andeems een Forum fir Austausch an Zesummenaarbecht t\u00ebscht de verschiddenen Acteuren an der Liewensm\u00ebttelindustrie geschafe g\u00ebtt.<\/span><\/p>\t\t\t\t\t\t\t\t<\/div>\n\t\t\t\t<\/div>\n\t\t\t\t<div class=\"elementor-element elementor-element-baf9810 elementor-widget-divider--view-line elementor-widget elementor-widget-divider\" data-id=\"baf9810\" data-element_type=\"widget\" data-widget_type=\"divider.default\">\n\t\t\t\t<div class=\"elementor-widget-container\">\n\t\t\t\t\t\t\t<div class=\"elementor-divider\">\n\t\t\t<span class=\"elementor-divider-separator\">\n\t\t\t\t\t\t<\/span>\n\t\t<\/div>\n\t\t\t\t\t\t<\/div>\n\t\t\t\t<\/div>\n\t\t\t\t\t<\/div>\n\t\t<\/div>\n\t\t\t\t\t<\/div>\n\t\t<\/section>\n\t\t\t\t<section class=\"elementor-section elementor-top-section elementor-element elementor-element-c56ff4b elementor-section-boxed elementor-section-height-default elementor-section-height-default\" data-id=\"c56ff4b\" data-element_type=\"section\">\n\t\t\t\t\t\t<div class=\"elementor-container elementor-column-gap-default\">\n\t\t\t\t\t<div class=\"elementor-column elementor-col-25 elementor-top-column elementor-element elementor-element-3fe132a\" data-id=\"3fe132a\" data-element_type=\"column\">\n\t\t\t<div class=\"elementor-widget-wrap elementor-element-populated\">\n\t\t\t\t\t\t<div class=\"elementor-element elementor-element-3a9d250 elementor-widget elementor-widget-text-editor\" data-id=\"3a9d250\" data-element_type=\"widget\" data-widget_type=\"text-editor.default\">\n\t\t\t\t<div class=\"elementor-widget-container\">\n\t\t\t\t\t\t\t\t\t<h4>Anne KAIFFER<\/h4><p><a href=\"https:\/\/www.kaiffer-sarl.lu\/\" target=\"_blank\" rel=\"noopener\"><em>Boucherie Kaiffer<br \/><\/em><\/a><strong>Pr\u00e9sidente<\/strong><\/p>\t\t\t\t\t\t\t\t<\/div>\n\t\t\t\t<\/div>\n\t\t\t\t\t<\/div>\n\t\t<\/div>\n\t\t\t\t<div class=\"elementor-column elementor-col-25 elementor-top-column elementor-element elementor-element-645b36a\" data-id=\"645b36a\" data-element_type=\"column\">\n\t\t\t<div class=\"elementor-widget-wrap elementor-element-populated\">\n\t\t\t\t\t\t<div class=\"elementor-element elementor-element-b697ce7 elementor-widget elementor-widget-text-editor\" data-id=\"b697ce7\" data-element_type=\"widget\" data-widget_type=\"text-editor.default\">\n\t\t\t\t<div class=\"elementor-widget-container\">\n\t\t\t\t\t\t\t\t\t<h4>Patrick MULLER<\/h4><p><a href=\"https:\/\/www.panelux.com\/\" target=\"_blank\" rel=\"noopener\"><em>Panelux S.A.<\/em><\/a><br \/><strong>Vice-Pr\u00e9sident<\/strong><\/p>\t\t\t\t\t\t\t\t<\/div>\n\t\t\t\t<\/div>\n\t\t\t\t\t<\/div>\n\t\t<\/div>\n\t\t\t\t<div class=\"elementor-column elementor-col-25 elementor-top-column elementor-element elementor-element-581ed2f\" data-id=\"581ed2f\" data-element_type=\"column\">\n\t\t\t<div class=\"elementor-widget-wrap elementor-element-populated\">\n\t\t\t\t\t\t<div class=\"elementor-element elementor-element-dcabd23 elementor-widget elementor-widget-text-editor\" data-id=\"dcabd23\" data-element_type=\"widget\" data-widget_type=\"text-editor.default\">\n\t\t\t\t<div class=\"elementor-widget-container\">\n\t\t\t\t\t\t\t\t\t<h4>Christian KAEMPFF<\/h4><p><a href=\"https:\/\/kaempff-kohler.lu\/\" target=\"_blank\" rel=\"noopener\"><em>Kaempff-Kohler<br \/><\/em><\/a><strong>Vice-Pr\u00e9sident<\/strong><\/p>\t\t\t\t\t\t\t\t<\/div>\n\t\t\t\t<\/div>\n\t\t\t\t\t<\/div>\n\t\t<\/div>\n\t\t\t\t<div class=\"elementor-column elementor-col-25 elementor-top-column elementor-element elementor-element-9936d06\" data-id=\"9936d06\" data-element_type=\"column\">\n\t\t\t<div class=\"elementor-widget-wrap elementor-element-populated\">\n\t\t\t\t\t\t<div class=\"elementor-element elementor-element-431df18 elementor-widget elementor-widget-text-editor\" data-id=\"431df18\" data-element_type=\"widget\" data-widget_type=\"text-editor.default\">\n\t\t\t\t<div class=\"elementor-widget-container\">\n\t\t\t\t\t\t\t\t\t<h4>Nico M\u00dcLLER<\/h4><p><em>B\u00e4ckerei Vum S\u00e9i S\u00e0rl<\/em><br \/><strong>Tr\u00e9sorier<\/strong><\/p>\t\t\t\t\t\t\t\t<\/div>\n\t\t\t\t<\/div>\n\t\t\t\t\t<\/div>\n\t\t<\/div>\n\t\t\t\t\t<\/div>\n\t\t<\/section>\n\t\t\t\t<section class=\"elementor-section elementor-top-section elementor-element elementor-element-704c9ff elementor-section-boxed elementor-section-height-default elementor-section-height-default\" data-id=\"704c9ff\" data-element_type=\"section\">\n\t\t\t\t\t\t<div class=\"elementor-container elementor-column-gap-default\">\n\t\t\t\t\t<div class=\"elementor-column elementor-col-25 elementor-top-column elementor-element elementor-element-229d230\" data-id=\"229d230\" data-element_type=\"column\">\n\t\t\t<div class=\"elementor-widget-wrap elementor-element-populated\">\n\t\t\t\t\t\t<div class=\"elementor-element elementor-element-4e14a55 elementor-widget elementor-widget-text-editor\" data-id=\"4e14a55\" data-element_type=\"widget\" data-widget_type=\"text-editor.default\">\n\t\t\t\t<div class=\"elementor-widget-container\">\n\t\t\t\t\t\t\t\t\t<h4>Paul HAAG<\/h4><p><a href=\"https:\/\/www.haag.lu\/\" target=\"_blank\" rel=\"noopener\"><em>Boucherie-Charcuterie Haag<\/em> <\/a><br \/><strong>Membre du Comit\u00e9<\/strong><\/p>\t\t\t\t\t\t\t\t<\/div>\n\t\t\t\t<\/div>\n\t\t\t\t\t<\/div>\n\t\t<\/div>\n\t\t\t\t<div class=\"elementor-column elementor-col-25 elementor-top-column elementor-element elementor-element-c618984\" data-id=\"c618984\" data-element_type=\"column\">\n\t\t\t<div class=\"elementor-widget-wrap elementor-element-populated\">\n\t\t\t\t\t\t<div class=\"elementor-element elementor-element-c9ac36e elementor-widget elementor-widget-text-editor\" data-id=\"c9ac36e\" data-element_type=\"widget\" data-widget_type=\"text-editor.default\">\n\t\t\t\t<div class=\"elementor-widget-container\">\n\t\t\t\t\t\t\t\t\t<h4>Luc MEYER<\/h4><p><a href=\"https:\/\/meyer.lu\/\" target=\"_blank\" rel=\"noopener\"><em>Boucherie-Salaisons Meyer<\/em><\/a><br \/><strong>Membre du Comit\u00e9<\/strong><\/p>\t\t\t\t\t\t\t\t<\/div>\n\t\t\t\t<\/div>\n\t\t\t\t\t<\/div>\n\t\t<\/div>\n\t\t\t\t<div class=\"elementor-column elementor-col-25 elementor-top-column elementor-element elementor-element-56021a7\" data-id=\"56021a7\" data-element_type=\"column\">\n\t\t\t<div class=\"elementor-widget-wrap elementor-element-populated\">\n\t\t\t\t\t\t<div class=\"elementor-element elementor-element-5c47ba4 elementor-widget elementor-widget-text-editor\" data-id=\"5c47ba4\" data-element_type=\"widget\" data-widget_type=\"text-editor.default\">\n\t\t\t\t<div class=\"elementor-widget-container\">\n\t\t\t\t\t\t\t\t\t<h4>Lola VALERIUS<\/h4><p><a href=\"https:\/\/lolavalerius.com\/\" target=\"_blank\" rel=\"noopener\"><em>Chocolaterie Lola Valerius<\/em><\/a><br \/><strong>Membre du Comit\u00e9<\/strong><\/p>\t\t\t\t\t\t\t\t<\/div>\n\t\t\t\t<\/div>\n\t\t\t\t\t<\/div>\n\t\t<\/div>\n\t\t\t\t<div class=\"elementor-column elementor-col-25 elementor-top-column elementor-element elementor-element-a7b54b0\" data-id=\"a7b54b0\" data-element_type=\"column\">\n\t\t\t<div class=\"elementor-widget-wrap elementor-element-populated\">\n\t\t\t\t\t\t<div class=\"elementor-element elementor-element-ad6363b elementor-widget elementor-widget-text-editor\" data-id=\"ad6363b\" data-element_type=\"widget\" data-widget_type=\"text-editor.default\">\n\t\t\t\t<div class=\"elementor-widget-container\">\n\t\t\t\t\t\t\t\t\t<h4>Tom OBERWEIS<\/h4><p><a href=\"https:\/\/www.oberweis.lu\/\" target=\"_blank\" rel=\"noopener\"><em>Oberweis S.A.<\/em><\/a><br \/><strong>Membre du Comit\u00e9<\/strong><\/p>\t\t\t\t\t\t\t\t<\/div>\n\t\t\t\t<\/div>\n\t\t\t\t\t<\/div>\n\t\t<\/div>\n\t\t\t\t\t<\/div>\n\t\t<\/section>\n\t\t\t\t<section class=\"elementor-section elementor-top-section elementor-element elementor-element-2a61691 elementor-section-boxed elementor-section-height-default elementor-section-height-default\" data-id=\"2a61691\" data-element_type=\"section\">\n\t\t\t\t\t\t<div class=\"elementor-container elementor-column-gap-default\">\n\t\t\t\t\t<div class=\"elementor-column elementor-col-25 elementor-top-column elementor-element elementor-element-2bccd40\" data-id=\"2bccd40\" data-element_type=\"column\">\n\t\t\t<div class=\"elementor-widget-wrap elementor-element-populated\">\n\t\t\t\t\t\t<div class=\"elementor-element elementor-element-07c0fb1 elementor-widget elementor-widget-text-editor\" data-id=\"07c0fb1\" data-element_type=\"widget\" data-widget_type=\"text-editor.default\">\n\t\t\t\t<div class=\"elementor-widget-container\">\n\t\t\t\t\t\t\t\t\t<h4>Carole MULLER<\/h4><p><a href=\"https:\/\/fischer1913.com\/\" target=\"_blank\" rel=\"noopener\"><em>Fischer S.A.<\/em><\/a><br \/><strong>Membre coopt\u00e9<\/strong><\/p>\t\t\t\t\t\t\t\t<\/div>\n\t\t\t\t<\/div>\n\t\t\t\t\t<\/div>\n\t\t<\/div>\n\t\t\t\t<div class=\"elementor-column elementor-col-25 elementor-top-column elementor-element elementor-element-fa62bc1\" data-id=\"fa62bc1\" data-element_type=\"column\">\n\t\t\t<div class=\"elementor-widget-wrap elementor-element-populated\">\n\t\t\t\t\t\t<div class=\"elementor-element elementor-element-b974ce9 elementor-widget elementor-widget-text-editor\" data-id=\"b974ce9\" data-element_type=\"widget\" data-widget_type=\"text-editor.default\">\n\t\t\t\t<div class=\"elementor-widget-container\">\n\t\t\t\t\t\t\t\t\t<h4>Carlo BOCK<\/h4><p><strong>Membre coopt\u00e9<\/strong><\/p>\t\t\t\t\t\t\t\t<\/div>\n\t\t\t\t<\/div>\n\t\t\t\t\t<\/div>\n\t\t<\/div>\n\t\t\t\t<div class=\"elementor-column elementor-col-25 elementor-top-column elementor-element elementor-element-5a65610\" data-id=\"5a65610\" data-element_type=\"column\">\n\t\t\t<div class=\"elementor-widget-wrap\">\n\t\t\t\t\t\t\t<\/div>\n\t\t<\/div>\n\t\t\t\t<div class=\"elementor-column elementor-col-25 elementor-top-column elementor-element elementor-element-3bf4b7d\" data-id=\"3bf4b7d\" data-element_type=\"column\">\n\t\t\t<div class=\"elementor-widget-wrap\">\n\t\t\t\t\t\t\t<\/div>\n\t\t<\/div>\n\t\t\t\t\t<\/div>\n\t\t<\/section>\n\t\t\t\t<\/div>\n\t\t","protected":false},"excerpt":{"rendered":"<p>Eise Comit\u00e9 De Comit\u00e9 vun der Conf\u00e9d\u00e9ration Liewensm\u00ebttelhandwierk spillt eng wesentlech Roll bei der Representatioun vun de Liewensm\u00ebttelhandwierker zu L\u00ebtzebuerg.\u00a0De Comit\u00e9 besteet aus engag\u00e9ierten Memberen an spillt eng entscheedend Roll &#8230; <\/p>\n<div> <span class=\"clearfix\"> <a href=\"https:\/\/artisanal.lu\/?page_id=3508&#038;lang=lu\" class=\"more-link entry__more-link float-left\">Read More <span class=\"screen-reader-text sr-only\"> About: Eise Comit\u00e9 <\/span><\/a><\/span> <\/div>\n","protected":false},"author":2,"featured_media":0,"parent":0,"menu_order":0,"comment_status":"closed","ping_status":"closed","template":"","meta":{"mbm-layout":"1c","masonry_gallery_enable_secondary_view":true,"masonry_gallery_secondary_view":"slider","masonry_gallery_default_view":"slider","footnotes":""},"class_list":["entry","entry--3508","entry--type-page","entry--status-publish","entry--author-nils"],"yoast_head":"<!-- This site is optimized with the Yoast SEO plugin v27.3 - https:\/\/yoast.com\/product\/yoast-seo-wordpress\/ -->\n<title>Eise Comit\u00e9 - Liewensm\u00ebttelhandwierk ASBL<\/title>\n<meta name=\"robots\" content=\"noindex, follow, max-snippet:-1, max-image-preview:large, max-video-preview:-1\" \/>\n<meta property=\"og:locale\" content=\"en_US\" \/>\n<meta property=\"og:type\" content=\"article\" \/>\n<meta property=\"og:title\" content=\"Eise Comit\u00e9 - Liewensm\u00ebttelhandwierk ASBL\" \/>\n<meta property=\"og:description\" content=\"Eise Comit\u00e9 De Comit\u00e9 vun der Conf\u00e9d\u00e9ration Liewensm\u00ebttelhandwierk spillt eng wesentlech Roll bei der Representatioun vun de Liewensm\u00ebttelhandwierker zu L\u00ebtzebuerg.\u00a0De Comit\u00e9 besteet aus engag\u00e9ierten Memberen an spillt eng entscheedend Roll ...  Read More About: Eise Comit\u00e9\" \/>\n<meta property=\"og:url\" content=\"https:\/\/artisanal.lu\/?page_id=3508&amp;lang=lu\" \/>\n<meta property=\"og:site_name\" content=\"Artisanal.lu\" \/>\n<meta property=\"article:modified_time\" content=\"2025-05-21T10:33:53+00:00\" \/>\n<meta name=\"twitter:card\" content=\"summary_large_image\" \/>\n<meta name=\"twitter:label1\" content=\"Est. reading time\" \/>\n\t<meta name=\"twitter:data1\" content=\"1 minute\" \/>\n<script type=\"application\/ld+json\" class=\"yoast-schema-graph\">{\"@context\":\"https:\\\/\\\/schema.org\",\"@graph\":[{\"@type\":\"WebPage\",\"@id\":\"https:\\\/\\\/artisanal.lu\\\/?page_id=3508&lang=lu\",\"url\":\"https:\\\/\\\/artisanal.lu\\\/?page_id=3508&lang=lu\",\"name\":\"Eise Comit\u00e9 - Liewensm\u00ebttelhandwierk ASBL\",\"isPartOf\":{\"@id\":\"https:\\\/\\\/artisanal.lu\\\/#website\"},\"datePublished\":\"2023-10-19T11:04:45+00:00\",\"dateModified\":\"2025-05-21T10:33:53+00:00\",\"breadcrumb\":{\"@id\":\"https:\\\/\\\/artisanal.lu\\\/?page_id=3508&lang=lu#breadcrumb\"},\"inLanguage\":\"en-US\",\"potentialAction\":[{\"@type\":\"ReadAction\",\"target\":[\"https:\\\/\\\/artisanal.lu\\\/?page_id=3508&lang=lu\"]}]},{\"@type\":\"BreadcrumbList\",\"@id\":\"https:\\\/\\\/artisanal.lu\\\/?page_id=3508&lang=lu#breadcrumb\",\"itemListElement\":[{\"@type\":\"ListItem\",\"position\":1,\"name\":\"Home\",\"item\":\"https:\\\/\\\/artisanal.lu\\\/\"},{\"@type\":\"ListItem\",\"position\":2,\"name\":\"Eise Comit\u00e9\"}]},{\"@type\":\"WebSite\",\"@id\":\"https:\\\/\\\/artisanal.lu\\\/#website\",\"url\":\"https:\\\/\\\/artisanal.lu\\\/\",\"name\":\"Artisanal.lu\",\"description\":\"Liewensm\u00ebttelhandwierk\",\"potentialAction\":[{\"@type\":\"SearchAction\",\"target\":{\"@type\":\"EntryPoint\",\"urlTemplate\":\"https:\\\/\\\/artisanal.lu\\\/?s={search_term_string}\"},\"query-input\":{\"@type\":\"PropertyValueSpecification\",\"valueRequired\":true,\"valueName\":\"search_term_string\"}}],\"inLanguage\":\"en-US\"}]}<\/script>\n<!-- \/ Yoast SEO plugin. -->","yoast_head_json":{"title":"Eise Comit\u00e9 - Liewensm\u00ebttelhandwierk ASBL","robots":{"index":"noindex","follow":"follow","max-snippet":"max-snippet:-1","max-image-preview":"max-image-preview:large","max-video-preview":"max-video-preview:-1"},"og_locale":"en_US","og_type":"article","og_title":"Eise Comit\u00e9 - Liewensm\u00ebttelhandwierk ASBL","og_description":"Eise Comit\u00e9 De Comit\u00e9 vun der Conf\u00e9d\u00e9ration Liewensm\u00ebttelhandwierk spillt eng wesentlech Roll bei der Representatioun vun de Liewensm\u00ebttelhandwierker zu L\u00ebtzebuerg.\u00a0De Comit\u00e9 besteet aus engag\u00e9ierten Memberen an spillt eng entscheedend Roll ...  Read More About: Eise Comit\u00e9","og_url":"https:\/\/artisanal.lu\/?page_id=3508&lang=lu","og_site_name":"Artisanal.lu","article_modified_time":"2025-05-21T10:33:53+00:00","twitter_card":"summary_large_image","twitter_misc":{"Est. reading time":"1 minute"},"schema":{"@context":"https:\/\/schema.org","@graph":[{"@type":"WebPage","@id":"https:\/\/artisanal.lu\/?page_id=3508&lang=lu","url":"https:\/\/artisanal.lu\/?page_id=3508&lang=lu","name":"Eise Comit\u00e9 - Liewensm\u00ebttelhandwierk ASBL","isPartOf":{"@id":"https:\/\/artisanal.lu\/#website"},"datePublished":"2023-10-19T11:04:45+00:00","dateModified":"2025-05-21T10:33:53+00:00","breadcrumb":{"@id":"https:\/\/artisanal.lu\/?page_id=3508&lang=lu#breadcrumb"},"inLanguage":"en-US","potentialAction":[{"@type":"ReadAction","target":["https:\/\/artisanal.lu\/?page_id=3508&lang=lu"]}]},{"@type":"BreadcrumbList","@id":"https:\/\/artisanal.lu\/?page_id=3508&lang=lu#breadcrumb","itemListElement":[{"@type":"ListItem","position":1,"name":"Home","item":"https:\/\/artisanal.lu\/"},{"@type":"ListItem","position":2,"name":"Eise Comit\u00e9"}]},{"@type":"WebSite","@id":"https:\/\/artisanal.lu\/#website","url":"https:\/\/artisanal.lu\/","name":"Artisanal.lu","description":"Liewensm\u00ebttelhandwierk","potentialAction":[{"@type":"SearchAction","target":{"@type":"EntryPoint","urlTemplate":"https:\/\/artisanal.lu\/?s={search_term_string}"},"query-input":{"@type":"PropertyValueSpecification","valueRequired":true,"valueName":"search_term_string"}}],"inLanguage":"en-US"}]}},"_links":{"self":[{"href":"https:\/\/artisanal.lu\/index.php?rest_route=\/wp\/v2\/pages\/3508","targetHints":{"allow":["GET"]}}],"collection":[{"href":"https:\/\/artisanal.lu\/index.php?rest_route=\/wp\/v2\/pages"}],"about":[{"href":"https:\/\/artisanal.lu\/index.php?rest_route=\/wp\/v2\/types\/page"}],"author":[{"embeddable":true,"href":"https:\/\/artisanal.lu\/index.php?rest_route=\/wp\/v2\/users\/2"}],"replies":[{"embeddable":true,"href":"https:\/\/artisanal.lu\/index.php?rest_route=%2Fwp%2Fv2%2Fcomments&post=3508"}],"version-history":[{"count":23,"href":"https:\/\/artisanal.lu\/index.php?rest_route=\/wp\/v2\/pages\/3508\/revisions"}],"predecessor-version":[{"id":3713,"href":"https:\/\/artisanal.lu\/index.php?rest_route=\/wp\/v2\/pages\/3508\/revisions\/3713"}],"wp:attachment":[{"href":"https:\/\/artisanal.lu\/index.php?rest_route=%2Fwp%2Fv2%2Fmedia&parent=3508"}],"curies":[{"name":"wp","href":"https:\/\/api.w.org\/{rel}","templated":true}]}}